{"id":3,"date":"2021-12-15T11:35:13","date_gmt":"2021-12-15T10:35:13","guid":{"rendered":"https:\/\/svenbuergin.com\/?page_id=3"},"modified":"2025-11-10T08:22:13","modified_gmt":"2025-11-10T07:22:13","slug":"terms","status":"publish","type":"page","link":"https:\/\/svenbuergin.com\/en\/terms\/","title":{"rendered":"Datenschutzerkl\u00e4rung"},"content":{"rendered":"<p>Die Betreiber dieser Seiten nehmen den Schutz deiner pers\u00f6nlichen Daten sehr ernst. Wir behandeln deine personenbezogenen Daten vertraulich und entsprechend der gesetzlichen Datenschutzvorschriften sowie dieser Datenschutzerkl\u00e4rung.<\/p>\n\n\n\n<p>Die Nutzung unserer Website ist in der Regel ohne Angabe personenbezogener Daten m\u00f6glich. Soweit auf unseren Seiten personenbezogene Daten (beispielsweise Name, Anschrift oder E-Mail-Adressen) erhoben werden, erfolgt dies, soweit m\u00f6glich, stets auf freiwilliger Basis. Diese Daten werden gem\u00e4ss dieser Datenschutzerkl\u00e4rung teilweise an Dritte weitergegeben.<\/p>\n\n\n\n<p>Wir weisen darauf hin, dass die Daten\u00fcbertragung im Internet (z.B. bei der Kommunikation per E-Mail) Sicherheitsl\u00fccken aufweisen kann. Ein l\u00fcckenloser Schutz der Daten vor dem Zugriff durch Dritte ist nicht m\u00f6glich.<\/p>\n\n\n\n<h2 class=\"wp-block-heading\" id=\"cookies-1\">Cookies<\/h2>\n\n\n\n<p>Die Internetseiten verwenden teilweise so genannte Cookies. Cookies richten auf deinem Rechner keinen Schaden an und enthalten keine Viren. Cookies dienen dazu, unser Angebot nutzerfreundlicher, effektiver und sicherer zu machen. Cookies sind kleine Textdateien, die auf deinem Rechner abgelegt werden und die dein Browser speichert.<\/p>\n\n\n\n<p>Die meisten der von uns verwendeten Cookies sind sogenannte \u201eSession-Cookies\u201c. Sie werden nach Ende deines Besuchs automatisch gel\u00f6scht. Andere Cookies bleiben auf deinem Endger\u00e4t gespeichert, bis du diese l\u00f6schst. Diese Cookies erm\u00f6glichen es uns, deinen Browser beim n\u00e4chsten Besuch wiederzuerkennen.<\/p>\n\n\n\n<p>Du kannst deinen Browser so einstellen, dass du \u00fcber das Setzen von Cookies informiert wirst und Cookies nur im Einzelfall erlauben, die Annahme von Cookies f\u00fcr bestimmte F\u00e4lle oder generell ausschlie\u00dfen sowie das automatische L\u00f6schen der Cookies beim Schlie\u00dfen des Browsers aktivieren. Bei der Deaktivierung von Cookies kann die Funktionalit\u00e4t dieser Website eingeschr\u00e4nkt sein.<\/p>\n\n\n\n<h2 class=\"wp-block-heading\" id=\"hosting-provider-server-logfiles\">Hosting Provider &amp; Server-LogFiles<\/h2>\n\n\n\n<p>Der Provider der Seiten erhebt und speichert automatisch Informationen in so genannten&nbsp;Server-Log Files, die dein Browser automatisch an uns \u00fcbermittelt. Dies sind:<\/p>\n\n\n\n<ul class=\"wp-block-list\">\n<li>IP-Adresse<\/li>\n\n\n\n<li>Browsertyp und Browserversion<\/li>\n\n\n\n<li>verwendetes Betriebssystem<\/li>\n\n\n\n<li>Referrer URL<\/li>\n\n\n\n<li>Hostname des zugreifenden Rechners<\/li>\n\n\n\n<li>Uhrzeit der Serveranfrage<\/li>\n<\/ul>\n\n\n\n<p>Diese Daten sind nicht direkt bestimmten Personen zuordenbar. Eine Zusammenf\u00fchrung dieser Daten mit anderen Datenquellen wird nicht vorgenommen. Wir behalten uns vor, diese Daten nachtr\u00e4glich zu pr\u00fcfen, wenn uns konkrete Anhaltspunkte f\u00fcr eine rechtswidrige Nutzung bekannt&nbsp;werden.<\/p>\n\n\n\n<p>Diese Daten sowie alle Daten dieser Website werden bei unserem Hosting-Provider cyon AG,\u00a0Brung\u00e4sslein 12,\u00a0CH-4052 Basel gespeichert, deren Datenschutzerkl\u00e4rung Sie\u00a0<a href=\"https:\/\/www.cyon.ch\/legal\/datenschutzerklaerung\" target=\"_blank\" rel=\"noreferrer noopener\">hier finden<\/a>.<\/p>\n\n\n\n<h2 class=\"wp-block-heading\" id=\"ssl-verschlusselung\">SSL-Verschl\u00fcsselung<\/h2>\n\n\n\n<p>Diese Seite nutzt aus Gr\u00fcnden der Sicherheit und zum Schutz der \u00dcbertragung vertraulicher Inhalte, wie zum Beispiel der Anfragen, die du an uns als Seitenbetreiber sendest, eine&nbsp;<a href=\"https:\/\/letsencrypt.org\/\" data-type=\"URL\" data-id=\"https:\/\/letsencrypt.org\/\" target=\"_blank\" rel=\"noreferrer noopener\">SSL-Verschl\u00fcsselung<\/a>. Eine verschl\u00fcsselte Verbindung erkennst du daran, dass die Adresszeile des Browsers von \u201ehttp:\/\/\u201c auf \u201ehttps:\/\/\u201c wechselt und an dem Schloss-Symbol in Ihrer Browserzeile.<\/p>\n\n\n\n<p>Wenn die SSL Verschl\u00fcsselung aktiviert ist, k\u00f6nnen die Daten, die du an uns \u00fcbermittelst, nicht von Dritten mitgelesen werden.<\/p>\n\n\n\n<h2 class=\"wp-block-heading\" id=\"kontaktformular\">Kontaktformular<\/h2>\n\n\n\n<p>Wenn du uns per Kontaktformular eine Anfrage zukommen l\u00e4sst, werden deine Angaben aus dem Anfrageformular, inklusive der von deinen dort angegebenen Kontaktdaten, inklusive IP-Adresse zwecks Bearbeitung der Anfrage und f\u00fcr den Fall von Anschlussfragen, bei uns gespeichert. Diese Daten geben wir nicht ohne deine Einwilligung weiter.<\/p>\n\n\n\n<h2 class=\"wp-block-heading\" id=\"google-fonts\">Google Fonts<\/h2>\n\n\n\n<p>Auf dieser Website werden Google Fonts genutzt. Gem\u00e4ss unseres Wissens werden dabei keine pers\u00f6nlichen Daten durch Google gespeichert.<\/p>\n\n\n\n<p>Dazu muss aber aus technischen Gr\u00fcnden deine IP-Adresse an Google \u00fcbermittelt werden, damit die Schriftarten an deinen Browser \u00fcbertragen werden k\u00f6nnen.<\/p>\n\n\n\n<p>Mehr Informationen von Google zu Google Fonts kannst du&nbsp;<a rel=\"noreferrer noopener\" href=\"https:\/\/developers.google.com\/fonts\/faq#what_does_using_the_google_fonts_api_mean_for_the_privacy_of_my_users\" target=\"_blank\">hier einsehen<\/a>.<\/p>\n\n\n\n<h2 class=\"wp-block-heading\" id=\"facebook-plugins-pixel\">Facebook-Plugins (Pixel)<\/h2>\n\n\n\n<p>Auf unseren Seiten sind Plugins des sozialen Netzwerks&nbsp;Facebook, Anbieter Facebook Inc., 1 Hacker Way, Menlo Park, California 94025, USA, integriert. Eine \u00dcbersicht \u00fcber die Facebook-Plugins findest du hier:&nbsp;<a rel=\"noreferrer noopener\" href=\"https:\/\/developers.facebook.com\/docs\/plugins\/\" target=\"_blank\">https:\/\/developers.facebook.com\/docs\/plugins\/<\/a>.<\/p>\n\n\n\n<p>Wenn du unsere Seiten besuchst, wird \u00fcber das Plugin eine direkte Verbindung zwischen deinem Browser und dem Facebook-Server hergestellt. Facebook erh\u00e4lt dadurch die Information, dass du mit deiner IPAdresse unsere Seite besucht hast. Wir weisen darauf hin, dass wir als Anbieter der Seiten keine Kenntnis vom Inhalt der \u00fcbermittelten Daten sowie deren Nutzung durch Facebook erhalten. Weitere Informationen hierzu finden Sie in der Datenschutzerkl\u00e4rung von Facebook unter&nbsp;<a rel=\"noreferrer noopener\" href=\"https:\/\/de-de.facebook.com\/policy.php\" target=\"_blank\">https:\/\/de-de.facebook.com\/policy.php<\/a>.<\/p>\n\n\n\n<p>Wenn du nicht w\u00fcnschst, dass Facebook den Besuch unserer Seiten deinem Facebook-Nutzerkonto zuordnen kann, logge dich bitte aus deinemFacebook-Benutzerkonto aus.<\/p>\n\n\n\n<h2 class=\"wp-block-heading\" id=\"recht-auf-auskunft-loschung-sperrung\">Recht auf Auskunft, L\u00f6schung, Sperrung<\/h2>\n\n\n\n<p>Du hast jederzeit das Recht auf unentgeltliche Auskunft \u00fcber deine gespeicherten personenbezogenen Daten, deren Herkunft und Empf\u00e4nger und den Zweck der Datenverarbeitung sowie ein Recht auf Berichtigung, Sperrung oder L\u00f6schung dieser Daten. Hierzu sowie zu weiteren Fragen zum Thema personenbezogene Daten kannst du dich jederzeit unter der im&nbsp;<a href=\"https:\/\/svenbuergin.com\/en\/legal\/\" data-type=\"URL\" data-id=\"https:\/\/svenbuergin.com\/legal\/\">Impressum<\/a>&nbsp;angegebenen Adresse an uns wenden.<\/p>","protected":false},"excerpt":{"rendered":"<p>Die Betreiber dieser Seiten nehmen den Schutz deiner pers\u00f6nlichen Daten sehr ernst. Wir behandeln deine personenbezogenen Daten vertraulich und entsprechend [&hellip;]<\/p>\n","protected":false},"author":2,"featured_media":0,"parent":0,"menu_order":0,"comment_status":"closed","ping_status":"open","template":"","meta":{"_acf_changed":false,"footnotes":""},"class_list":["post-3","page","type-page","status-publish","hentry"],"acf":[],"_links":{"self":[{"href":"https:\/\/svenbuergin.com\/en\/wp-json\/wp\/v2\/pages\/3","targetHints":{"allow":["GET"]}}],"collection":[{"href":"https:\/\/svenbuergin.com\/en\/wp-json\/wp\/v2\/pages"}],"about":[{"href":"https:\/\/svenbuergin.com\/en\/wp-json\/wp\/v2\/types\/page"}],"author":[{"embeddable":true,"href":"https:\/\/svenbuergin.com\/en\/wp-json\/wp\/v2\/users\/2"}],"replies":[{"embeddable":true,"href":"https:\/\/svenbuergin.com\/en\/wp-json\/wp\/v2\/comments?post=3"}],"version-history":[{"count":1,"href":"https:\/\/svenbuergin.com\/en\/wp-json\/wp\/v2\/pages\/3\/revisions"}],"predecessor-version":[{"id":189,"href":"https:\/\/svenbuergin.com\/en\/wp-json\/wp\/v2\/pages\/3\/revisions\/189"}],"wp:attachment":[{"href":"https:\/\/svenbuergin.com\/en\/wp-json\/wp\/v2\/media?parent=3"}],"curies":[{"name":"wp","href":"https:\/\/api.w.org\/{rel}","templated":true}]}}